{"id":11,"date":"2017-08-14T23:12:22","date_gmt":"2017-08-14T21:12:22","guid":{"rendered":"http:\/\/www.rooiekees.nl\/?page_id=11"},"modified":"2021-06-23T17:46:13","modified_gmt":"2021-06-23T15:46:13","slug":"home","status":"publish","type":"page","link":"https:\/\/www.caferuimzicht.nl\/","title":{"rendered":"Home"},"content":{"rendered":"<div id=\"dslc-main\">\r\n\t\t\t<div  class=\"dslc-modules-section \" style=\"\" data-section-id=\"f8879926777\">\r\n\t\t\t\t\r\n\t\t\t\t\r\n\t\t\t\t<div class=\"dslc-modules-section-wrapper dslc-clearfix\"><style type=\"text\/css\" id=\"dslca-modules-area-\"><\/style><div  class=\"dslc-modules-area dslc-col dslc-7-col dslc-first-col dslc-valign- \" data-size=\"7\" data-valign=\"\" data-modules-area-id=\"\" >\r\n\t\t<div id=\"dslc-module-8594ec6bb39\" class=\"dslc-module-front dslc-module-DSLC_Text_Simple dslc-in-viewport-check dslc-in-viewport-anim-none  dslc-col dslc-12-col dslc-last-col  dslc-module-handle-like-regular \" data-module-id=\"8594ec6bb39\" data-module=\"DSLC_Text_Simple\" data-dslc-module-size=\"12\" data-dslc-anim=\"none\" data-dslc-anim-delay=\"\" data-dslc-anim-duration=\"650\"  data-dslc-anim-easing=\"ease\" data-dslc-preset=\"none\" >\r\n\r\n\t\t\t\r\n\t\t\t\r\n\t\t\r\n\t\t<div class=\"dslc-text-module-content\">\r\n\t\t\t<h1>Caf\u00e9 aan het water<\/h1><h3>Caf\u00e9 Ruimzicht (ook wel Rooie Kees of Red Kees genoemd) is het bekende gezellige bruine caf\u00e9 aan de Ringvaart. Het is hier goed toeven, u kunt lekker een hapje eten of gezellig iets drinken. Regelmatig is er op zaterdagavonden live-muziek, met bands uit binnen- en buitenland. Iedere week is er op donderdagavond een gezellige jamsession, de ene week blues, de andere week jazz (zie onze agenda).<\/h3><h3>Caf\u00e9 Ruimzicht is te vinden aan de rand van de Haarlemmermeer, op en paar minuten van de A4, in het plaatsje Leimuiderbrug (rand Burgerveen).<\/h3><h3>Wij nodigen u van harte uit in ons gezellige caf\u00e9, graag tot ziens!<\/h3><h3>- Kees & Ada<\/h3><p><img class=\"alignnone wp-image-116 size-large\" src=\"https:\/\/www.caferuimzicht.nl\/wp-content\/uploads\/2017\/10\/2017-10-03-14.52.55-1024x576.jpg\" alt=\"\" width=\"1024\" height=\"576\"><\/p><hr><h2 class=\"agendaTitle\">ALL AMERICAN DAY 2017<\/h2><h3><a href=\"http:\/\/www.rooiekees.nl\/index.php\/fotos-en-sociale-media\/\">Klik hier voor de foto's<\/a><\/h3><p><a href=\"http:\/\/www.rooiekees.nl\/index.php\/fotos-en-sociale-media\/\"><img class=\"alignnone wp-image-63\" src=\"http:\/\/www.rooiekees.nl\/wp-content\/uploads\/2017\/08\/IMG_0791-300x200.jpg\" alt=\"\" width=\"445\" height=\"297\"><\/a><\/p>\t\t<\/div>\r\n\r\n\t\t\r\n\t\t\t\t<\/div><!-- .dslc-module -->\r\n\t\t<\/div><style type=\"text\/css\" id=\"dslca-modules-area-\"><\/style><div  class=\"dslc-modules-area dslc-col dslc-5-col dslc-last-col dslc-valign- \" data-size=\"5\" data-valign=\"\" data-modules-area-id=\"\" >\r\n\t\t<div id=\"dslc-module-a57oc433kdg\" class=\"dslc-module-front dslc-module-DSLC_Text_Simple dslc-in-viewport-check dslc-in-viewport-anim-none  dslc-col dslc-12-col dslc-last-col  dslc-module-handle-like-regular \" data-module-id=\"a57oc433kdg\" data-module=\"DSLC_Text_Simple\" data-dslc-module-size=\"12\" data-dslc-anim=\"none\" data-dslc-anim-delay=\"\" data-dslc-anim-duration=\"650\"  data-dslc-anim-easing=\"ease\" data-dslc-preset=\"none\" >\r\n\r\n\t\t\t\r\n\t\t\t\r\n\t\t\r\n\t\t<div class=\"dslc-text-module-content\">\r\n\t\t\t<p><h1>Agenda<\/h1><hr><h4>DONDERDAG 30 APRIL 2026 : 20.30 uur<\/h4><h2>JAZZ SESSIE <br \/>\r\nmet:<br \/>\r\nRUUD BERGAMIN<\/h2><img class=\"aligncenter\" src=\".\/agendabeheer\/pictures\/ruud bergamin.jpg\" width=\"300px\"\/><h3 style=\"text-align: center;\">TWO OF A MIND<br \/>\r\nRUUD BERGAMIN & WIM NINABER<br \/>\r\ntreden hier in de voetsporen van <br \/>\r\nDESMOND & MULLIGAN<\/h3><hr><h4>DONDERDAG 7 MEI 2026 : 20.30 uur<\/h4><h2>BLUES SESSIE <br \/>\r\nmet :<br \/>\r\nMR . BOOGIE WOOGIE <\/h2><img class=\"aligncenter\" src=\".\/agendabeheer\/pictures\/EJ 1.jpg\" width=\"300px\"\/><h3 style=\"text-align: center;\"><\/h3><hr><h4>DONDERDAG 14 MEI 2026 : 20.30 uur<\/h4><h2>JAZZ SESSIE <br \/>\r\nmet :<br \/>\r\nSWANG THANG<\/h2><img class=\"aligncenter\" src=\".\/agendabeheer\/pictures\/swang thang.jpg\" width=\"300px\"\/><h3 style=\"text-align: center;\"><\/h3><hr><h4>DONDERDAG 21 MEI 2026 : 20.30 uur<\/h4><h2>BLUES SESSIE<br \/>\r\nmet :<br \/>\r\nMR. BOOGIE WOOGIE <\/h2><img class=\"aligncenter\" src=\".\/agendabeheer\/pictures\/EJ 2.jpg\" width=\"300px\"\/><h3 style=\"text-align: center;\"><\/h3><hr><h4>DONDERDAG 28 MEI 2026 : 20.30 uur<\/h4><h2>JAZZ SESSIE <br \/>\r\nmet :<br \/>\r\nHENK VINCENTEN <\/h2><img class=\"aligncenter\" src=\".\/agendabeheer\/pictures\/so what.jpg\" width=\"300px\"\/><h3 style=\"text-align: center;\"><\/h3><hr><h4>DONDERDAG 4 JUNI 2026 : 20.30 uur<\/h4><h2>BLUES SESSIE <br \/>\r\nmet:<br \/>\r\nMR BOOGIE WOOGIE <\/h2><img class=\"aligncenter\" src=\".\/agendabeheer\/pictures\/EJ 3.jpg\" width=\"300px\"\/><h3 style=\"text-align: center;\"><\/h3><hr><h4>DONDERDAG 11 JUNI 2026 : 20.30 uur<\/h4><h2>JAZZ SESSIE <br \/>\r\nmet:<br \/>\r\nFRENK & FRANK TRIO<\/h2><img class=\"aligncenter\" src=\".\/agendabeheer\/pictures\/frenk trio.jpg\" width=\"300px\"\/><h3 style=\"text-align: center;\"><\/h3><hr><h4>DONDERDAG 18 JUNI 2026 : 20.30 uur<\/h4><h2>BLUES SESSIE <br \/>\r\nmet :<br \/>\r\nMR BOOGIE WOOGIE <\/h2><img class=\"aligncenter\" src=\".\/agendabeheer\/pictures\/EJ 4.jpg\" width=\"300px\"\/><h3 style=\"text-align: center;\"><\/h3><hr><h4>DONDERDAG 2 JULI 2026 : 20.30 uur<\/h4><h2>BLUES SESSIE <br \/>\r\nmet:<br \/>\r\nLITTLE BOOGIE BOY<br \/>\r\nHEIN MEIIJER <\/h2><img class=\"aligncenter\" src=\".\/agendabeheer\/pictures\/Hein-Meijer-foto-van-Leo-Gabriels.JPG-640x360.jpeg\" width=\"300px\"\/><h3 style=\"text-align: center;\"><\/h3><hr><\/p>\t\t<\/div>\r\n\r\n\t\t\r\n\t\t\t\t<\/div><!-- .dslc-module -->\r\n\t\t\r\n\t\t<div id=\"dslc-module-22f811d60df\" class=\"dslc-module-front dslc-module-DSLC_Button dslc-in-viewport-check dslc-in-viewport-anim-none  dslc-col dslc-12-col dslc-last-col  dslc-module-handle-like-regular \" data-module-id=\"22f811d60df\" data-module=\"DSLC_Button\" data-dslc-module-size=\"12\" data-dslc-anim=\"none\" data-dslc-anim-delay=\"\" data-dslc-anim-duration=\"650\"  data-dslc-anim-easing=\"ease\" data-dslc-preset=\"none\" >\r\n\r\n\t\t\t\r\n\t\t\t\r\n\t\t\r\n\t\t\t<div class=\"dslc-button\">\r\n\t\t\t\t\t\t\t\t\t<a href=\"http:\/\/www.rooiekees.nl\/agendabeheer\/\" target=\"_self\"  onClick=\"\" class=\"\">\r\n\t\t\t\t\t\t\t\t\t\t\t\t\t\t\t\t\t\t\t\t\t<span class=\"dslc-icon dslc-icon-edit-sign\"><\/span>\t\r\n\t\t\t\t\t\t\t\t\t\t\t\t\t\t\t\t\t\t\t\t\t\t\t\t\t\t<span>bewerk agenda<\/span>\r\n\t\t\t\t\t\t\t\t\t\t\t\t\t\t\t\t\t<\/a>\r\n\t\t\t\t\t\t\t<\/div><!-- .dslc-button -->\r\n\r\n\r\n\t\t\t\t\t\t\r\n\t\t\t\t<\/div><!-- .dslc-module -->\r\n\t\t<\/div><\/div><\/div><\/div>","protected":false},"excerpt":{"rendered":"<p>Caf\u00e9 aan het waterCaf\u00e9 Ruimzicht (ook wel Rooie Kees of Red Kees genoemd) is het bekende gezellige bruine caf\u00e9 aan de Ringvaart. Het is hier goed toeven, u kunt lekker een hapje eten of gezellig iets drinken. Regelmatig is er op zaterdagavonden live-muziek, met bands uit binnen- en buitenland. Iedere week is er op donderdagavond [&hellip;]<\/p>\n","protected":false},"author":1,"featured_media":0,"parent":0,"menu_order":0,"comment_status":"closed","ping_status":"closed","template":"","meta":{"footnotes":""},"class_list":["post-11","page","type-page","status-publish","hentry"],"_links":{"self":[{"href":"https:\/\/www.caferuimzicht.nl\/index.php\/wp-json\/wp\/v2\/pages\/11","targetHints":{"allow":["GET"]}}],"collection":[{"href":"https:\/\/www.caferuimzicht.nl\/index.php\/wp-json\/wp\/v2\/pages"}],"about":[{"href":"https:\/\/www.caferuimzicht.nl\/index.php\/wp-json\/wp\/v2\/types\/page"}],"author":[{"embeddable":true,"href":"https:\/\/www.caferuimzicht.nl\/index.php\/wp-json\/wp\/v2\/users\/1"}],"replies":[{"embeddable":true,"href":"https:\/\/www.caferuimzicht.nl\/index.php\/wp-json\/wp\/v2\/comments?post=11"}],"version-history":[{"count":2,"href":"https:\/\/www.caferuimzicht.nl\/index.php\/wp-json\/wp\/v2\/pages\/11\/revisions"}],"predecessor-version":[{"id":42,"href":"https:\/\/www.caferuimzicht.nl\/index.php\/wp-json\/wp\/v2\/pages\/11\/revisions\/42"}],"wp:attachment":[{"href":"https:\/\/www.caferuimzicht.nl\/index.php\/wp-json\/wp\/v2\/media?parent=11"}],"curies":[{"name":"wp","href":"https:\/\/api.w.org\/{rel}","templated":true}]}}